{"id":3911,"date":"2018-09-14T00:44:53","date_gmt":"2018-09-14T00:44:53","guid":{"rendered":"https:\/\/micronics.mx\/?page_id=3911"},"modified":"2021-10-07T14:36:26","modified_gmt":"2021-10-07T19:36:26","slug":"pagina-web","status":"publish","type":"page","link":"https:\/\/micronics.mx\/en\/web-page\/","title":{"rendered":"Websites"},"content":{"rendered":"<div data-vc-parallax=\"1\" data-vc-parallax-image=\"https:\/\/micronics.mx\/wp-content\/uploads\/2021\/10\/micr_pattern_c3_1920x500.webp\" class=\"vc_row wpb_row vc_row-fluid vc_row-has-fill vc_general vc_parallax vc_parallax-content-moving\"><div class=\"wpb_column vc_column_container vc_col-sm-4 vc_hidden-xs\"><div class=\"vc_column-inner\"><div class=\"wpb_wrapper\">\n\t<div  class=\"wpb_single_image wpb_content_element vc_align_right  vc_custom_1632879738985\">\n\t\t\n\t\t<figure class=\"wpb_wrapper vc_figure\">\n\t\t\t<div class=\"vc_single_image-wrapper   vc_box_border_grey\"><img loading=\"lazy\" decoding=\"async\" width=\"300\" height=\"53\" src=\"https:\/\/micronics.mx\/wp-content\/uploads\/2018\/08\/logo-300x53.png\" class=\"vc_single_image-img attachment-medium\" alt=\"Micronics MX Logo\" srcset=\"https:\/\/micronics.mx\/wp-content\/uploads\/2018\/08\/logo-300x53.png 300w, https:\/\/micronics.mx\/wp-content\/uploads\/2018\/08\/logo.png 450w\" sizes=\"auto, (max-width: 300px) 100vw, 300px\" \/><\/div>\n\t\t<\/figure>\n\t<\/div>\n<\/div><\/div><\/div><div class=\"wpb_column vc_column_container vc_col-sm-4 vc_hidden-xs\"><div class=\"vc_column-inner vc_custom_1630988044137\"><div class=\"wpb_wrapper\"><\/div><\/div><\/div><div class=\"wpb_column vc_column_container vc_col-sm-4 vc_hidden-lg vc_hidden-md vc_hidden-sm\"><div class=\"vc_column-inner vc_custom_1630988360104\"><div class=\"wpb_wrapper\"><\/div><\/div><\/div><\/div><div class=\"vc_row wpb_row vc_row-fluid\"><div class=\"un-row-overlay\" style=\"background-color: transparent\"><\/div><div class=\"wpb_column vc_column_container vc_col-sm-12\"><div class=\"vc_column-inner\"><div class=\"wpb_wrapper\">\n\t<div class=\"wpb_text_column wpb_content_element\" >\n\t\t<div class=\"wpb_wrapper\">\n\t\t\t<p><\/p>\n\n\t\t<\/div>\n\t<\/div>\n<\/div><\/div><\/div><\/div><div class=\"vc_row wpb_row vc_row-fluid vc_custom_1536095139534\"><div class=\"wrap-boxed\"><div class=\"wpb_column vc_column_container vc_col-sm-12\"><div class=\"vc_column-inner\"><div class=\"wpb_wrapper\">\n\t<div class=\"wpb_text_column wpb_content_element\" >\n\t\t<div class=\"wpb_wrapper\">\n\t\t\t<h2>Website, why is it important to have one?<\/h2>\n<p>Do you have a business and don&#039;t have a website? If so, for many people it is almost as if their business does not exist. Today we use the internet to obtain information and search for services on the 90% of the time. For this reason, it is essential to have a Website for your clients and prospects, which contains information about what your business can do for them. In addition, a Website has the following benefits:<\/p>\n<h5>Less expensive<\/h5>\n<p>Have you promoted your business through various forms such as print media, radio, television? It is expensive! Having a website will make promoting your business less expensive. There are even practically free ways to promote your business on the Internet, such as the Google search engine and other search engines.<\/p>\n<h5>Advertising and Marketing<\/h5>\n<p>There are many ways to advertise your products or services over the Internet. A well-known example is the advertising campaigns of Facebook or Google; Another is Search Engine Optimization (positioning) or SEO, Finding yourself before the competition is a great advantage for your business! Having a good SEO provider can boost your website ranking, resulting in increased sales and higher profits; You can also create a Blog and offer relevant content for your clients, this helps positioning, promotes you as experts in your area and generates loyalty in your readers, who will surely come to you when they require any of the services you offer. As if this were not enough, a website is more environmentally friendly as it does not require ink and paper.<\/p>\n<h5>Satisfaction<\/h5>\n<p>Make it easy for your customers to buy from you! Many are more likely to visit your website, rather than drive to your physical location and browse for your products. From the customer&#039;s point of view, it&#039;s better for them if they don&#039;t have to ask anything. They can find what they are looking for on your site online. Having a website will be more convenient for your customers and potential customers.<\/p>\n<h5>Attract more Clients<\/h5>\n<p>Most businesses have a local reach, but what about potential customers outside of your city? A Website can help you generate more customers. Not just outside your city, but around the world. The Internet offers a global community. With a Website, your business will be visible all over the world.<\/p>\n<h5>Accessibility<\/h5>\n<p>Have you ever had to turn down customers because it&#039;s closing time? Well, their website will be open 24\/7, you can visit a site online at any time of the day or night. People will search your site instead of going to your store because it is more accessible. Just make sure you post enough information about your products and services.<\/p>\n<p>Access to Reports and Information<\/p>\n<p>If you have a Web Page, you can track everything that happens on it automatically. You can search for information that will tell you how many people visited your site, or how many people messaged or emailed you. You can access statistics for your ad campaigns and make changes at any time to optimize your advertising.<\/p>\n<h5>Improve Confidence in Your Business<\/h5>\n<p>While we cannot trust everything that is on the internet, having a website adds an additional point to the credibility of your business. Nowadays it is common for a person to think: &quot;How can a leading company in its field be if it does not even have a website&quot;. In addition, you can share information about your company, products and services, processes, testimonials, history, trajectory, etc., the fact that your clients know about your company promotes the trust they have in your products and services.<\/p>\n<h5>Two-way communication<\/h5>\n<p>A Website gives you the opportunity to inform your customers about your company and products or potential investors because they bet on your company and your plans for the future. But it can also be used to receive information about your products and services and thus detect areas of opportunity and what people are looking for in the market.<\/p>\n<h5>Long Term Clients<\/h5>\n<p>The difference between a buyer and a customer is that the former enters and buys something while the latter is a regular buyer, who constantly buys or consumes your products or services. Having a website gives you the opportunity to gain more customers that can help your business grow, imagine that someone bought products from you a couple of years ago, knows your company but needs updated information, on your website the buyer can find all the information you need in seconds and make the purchase decision with a few clicks, become your customer.<\/p>\n<h5>Sales increase<\/h5>\n<p>It is evident from all the above, that a professional and well-designed Website can only lead to an increase in sales, but that is not all, a Website can also be a Virtual Store that will bring you real profits. Electronic Commerce is growing at double digits worldwide. If you want to know our service for creating <a href=\"https:\/\/micronics.mx\/en\/ecommerce\/\" target=\"_blank\" rel=\"noopener noreferrer\">Online Stores follow this link<\/a>.<\/p>\n\n\t\t<\/div>\n\t<\/div>\n<div class=\"vc_separator wpb_content_element vc_separator_align_center vc_sep_width_100 vc_sep_pos_align_center vc_separator_no_text vc_sep_color_grey\" ><span class=\"vc_sep_holder vc_sep_holder_l\"><span  class=\"vc_sep_line\"><\/span><\/span><span class=\"vc_sep_holder vc_sep_holder_r\"><span  class=\"vc_sep_line\"><\/span><\/span>\n<\/div>\n\t<div class=\"wpb_text_column wpb_content_element\" >\n\t\t<div class=\"wpb_wrapper\">\n\t\t\t<p>Get to know WordPress<\/p>\n\n\t\t<\/div>\n\t<\/div>\n<\/div><\/div><\/div><\/div><\/div><div class=\"vc_row wpb_row vc_row-fluid vc_custom_1536095275236\"><div class=\"wrap-boxed\"><div class=\"wpb_column vc_column_container vc_col-sm-6\"><div class=\"vc_column-inner\"><div class=\"wpb_wrapper\">\n\t<div  class=\"wpb_single_image wpb_content_element vc_align_center\">\n\t\t\n\t\t<figure class=\"wpb_wrapper vc_figure\">\n\t\t\t<div class=\"vc_single_image-wrapper   vc_box_border_grey\"><img loading=\"lazy\" decoding=\"async\" width=\"300\" height=\"119\" src=\"https:\/\/micronics.mx\/wp-content\/uploads\/2018\/09\/wordpress-300x119.jpg\" class=\"vc_single_image-img attachment-medium\" alt=\"Website - WordPress\" srcset=\"https:\/\/micronics.mx\/wp-content\/uploads\/2018\/09\/wordpress-300x119.jpg 300w, https:\/\/micronics.mx\/wp-content\/uploads\/2018\/09\/wordpress-500x199.jpg 500w, https:\/\/micronics.mx\/wp-content\/uploads\/2018\/09\/wordpress.jpg 692w\" sizes=\"auto, (max-width: 300px) 100vw, 300px\" \/><\/div>\n\t\t<\/figure>\n\t<\/div>\n\n\t<div class=\"wpb_text_column wpb_content_element\" >\n\t\t<div class=\"wpb_wrapper\">\n\t\t\t<h4>WHY WORDPRESS<\/h4>\n<h5>More than 60 million people have chosen WordPress to power their website.<\/h5>\n<p>WordPress is open source software that you can use to create a beautiful website, blog, or app.<\/p>\n<p>Capable of generating beautiful designs, powerful features, and the freedom to build anything you want. WordPress is both free and beautiful at the same time.<\/p>\n<p>Trusted by the best, 31% on the web uses WordPress, from hobby blogs to big news sites.<\/p>\n\n\t\t<\/div>\n\t<\/div>\n<\/div><\/div><\/div><div class=\"wpb_column vc_column_container vc_col-sm-6\"><div class=\"vc_column-inner\"><div class=\"wpb_wrapper\">\n\t<div class=\"wpb_text_column wpb_content_element\" >\n\t\t<div class=\"wpb_wrapper\">\n\t\t\t<section class=\"features\">\n<h2>Powerful Features<\/h2>\n<h5 class=\"subheading\">Infinite possibilities. What are you going to create?<\/h5>\n<p><img loading=\"lazy\" decoding=\"async\" class=\"aligncenter wp-image-3925\" src=\"https:\/\/micronics.mx\/wp-content\/uploads\/2018\/09\/wordpress_features-300x140.png\" alt=\"WordPress Features\" width=\"500\" height=\"233\" srcset=\"https:\/\/micronics.mx\/wp-content\/uploads\/2018\/09\/wordpress_features-300x140.png 300w, https:\/\/micronics.mx\/wp-content\/uploads\/2018\/09\/wordpress_features-768x358.png 768w, https:\/\/micronics.mx\/wp-content\/uploads\/2018\/09\/wordpress_features-500x233.png 500w, https:\/\/micronics.mx\/wp-content\/uploads\/2018\/09\/wordpress_features.png 849w\" sizes=\"auto, (max-width: 500px) 100vw, 500px\" \/><\/p>\n<h5>Extend Functionality<\/h5>\n<p>Extensive WordPress with more than 45,000 plugins that will help your site meet your needs. Add an online store, galleries, mailing lists, forums, statistics and much more.<\/p>\n<\/section>\n\n\t\t<\/div>\n\t<\/div>\n<\/div><\/div><\/div><\/div><\/div><div class=\"vc_row wpb_row vc_row-fluid vc_custom_1535669896686\"><div class=\"wrap-boxed\"><div class=\"wpb_column vc_column_container vc_col-sm-12\"><div class=\"vc_column-inner\"><div class=\"wpb_wrapper\">\n\t<div class=\"wpb_text_column wpb_content_element\" >\n\t\t<div class=\"wpb_wrapper\">\n\t\t\t<h5 style=\"text-align: center;\">Many of the World&#039;s Most Impressive Companies use WordPress<\/h5>\n\n\t\t<\/div>\n\t<\/div>\n<div class=\"vc_empty_space\"   style=\"height: 30px\"><span class=\"vc_empty_space_inner\"><\/span><\/div>\n\t<div  class=\"wpb_single_image wpb_content_element vc_align_center\">\n\t\t\n\t\t<figure class=\"wpb_wrapper vc_figure\">\n\t\t\t<div class=\"vc_single_image-wrapper   vc_box_border_grey\"><img loading=\"lazy\" decoding=\"async\" width=\"938\" height=\"380\" src=\"https:\/\/micronics.mx\/wp-content\/uploads\/2018\/09\/quien-usa-wordpress.jpg\" class=\"vc_single_image-img attachment-large\" alt=\"WordPress Websites\" srcset=\"https:\/\/micronics.mx\/wp-content\/uploads\/2018\/09\/quien-usa-wordpress.jpg 938w, https:\/\/micronics.mx\/wp-content\/uploads\/2018\/09\/quien-usa-wordpress-300x122.jpg 300w, https:\/\/micronics.mx\/wp-content\/uploads\/2018\/09\/quien-usa-wordpress-768x311.jpg 768w, https:\/\/micronics.mx\/wp-content\/uploads\/2018\/09\/quien-usa-wordpress-500x203.jpg 500w\" sizes=\"auto, (max-width: 938px) 100vw, 938px\" \/><\/div>\n\t\t<\/figure>\n\t<\/div>\n<\/div><\/div><\/div><\/div><\/div><div class=\"vc_row wpb_row vc_row-fluid vc_custom_1571690686189\"><div class=\"wrap-boxed\"><div class=\"wpb_column vc_column_container vc_col-sm-12\"><div class=\"vc_column-inner vc_custom_1535676941316\"><div class=\"wpb_wrapper\"><div class=\"vc_separator wpb_content_element vc_separator_align_center vc_sep_width_100 vc_sep_pos_align_center vc_separator_no_text vc_sep_color_grey\" ><span class=\"vc_sep_holder vc_sep_holder_l\"><span  class=\"vc_sep_line\"><\/span><\/span><span class=\"vc_sep_holder vc_sep_holder_r\"><span  class=\"vc_sep_line\"><\/span><\/span>\n<\/div>\n\n        <div class=\"un-callout text-c\" style=\"\">\n\n            <div class=\"un-before-title\" style=\"\"><\/div><div class=\"un-title\" style=\"\">Start your project now<\/div><div class=\"un-after-title\" style=\"\">Tell us what it is about and we will contact you to give you a proposal<\/div>\n\n        <\/div><\/div><\/div><\/div><div class=\"wpb_column vc_column_container vc_col-sm-8\"><div class=\"vc_column-inner\"><div class=\"wpb_wrapper\">\n\t<div class=\"wpb_raw_code wpb_raw_js\" >\n\t\t<div class=\"wpb_wrapper\">\n\t\t\t<script type=\"text\/javascript\" src=\"\/\/m.micronics.mx\/form\/generate.js?id=2\"><\/script>\n\t\t<\/div>\n\t<\/div>\n<\/div><\/div><\/div><div class=\"wpb_column vc_column_container vc_col-sm-4\"><div class=\"vc_column-inner\"><div class=\"wpb_wrapper\">\n\n        <div class=\"un-service text-l\" style=\"\"><div class=\"un-icon un-icon-pos-l un-icon-s circle\" style=\" border-color: \"><i class=\"fa fa-map-marker\"><\/i><\/div>\n\n            <div class=\"un-service-text\"><div class=\"un-title un-title-s\" style=\"\">Mexico<\/div><div class=\"un-excerpt\" style=\"\">Monterrey, NL<\/div>\n\n            <\/div>\n\n        <\/div>\n\n        <div class=\"un-service text-l\" style=\"\"><div class=\"un-icon un-icon-pos-l un-icon-s circle\" style=\" border-color: \"><i class=\"fa fa-envelope-o\"><\/i><\/div>\n\n            <div class=\"un-service-text\"><div class=\"un-title un-title-s\" style=\"\">e-mail<\/div><div class=\"un-excerpt\" style=\"\">info@micronics.mx<\/div>\n\n            <\/div>\n\n        <\/div><\/div><\/div><\/div><\/div><\/div><div class=\"vc_row wpb_row vc_row-fluid vc_custom_1537411610723\"><div class=\"wpb_column vc_column_container vc_col-sm-12\"><div class=\"vc_column-inner\"><div class=\"wpb_wrapper\">\n\t<div class=\"wpb_text_column wpb_content_element\" >\n\t\t<div class=\"wpb_wrapper\">\n\t\t\t<h3 style=\"text-align: center;\"><a href=\"https:\/\/micronics.mx\/en\/software\/\">Learn about other Software Solutions we offer<\/a><\/h3>\n\n\t\t<\/div>\n\t<\/div>\n<\/div><\/div><\/div><\/div>","protected":false},"excerpt":{"rendered":"<p>Do you have a business and don&#039;t have a website? If so, for many people it is almost as if their business does not exist. We develop for your business a professional and self-administrable website, with all the functions and characteristics that your company requires.<\/p>","protected":false},"author":1,"featured_media":3920,"parent":0,"menu_order":0,"comment_status":"closed","ping_status":"closed","template":"page-vc.php","meta":{"footnotes":""},"class_list":["post-3911","page","type-page","status-publish","has-post-thumbnail","hentry"],"yoast_head":"<!-- This site is optimized with the Yoast SEO plugin v23.8 - https:\/\/yoast.com\/wordpress\/plugins\/seo\/ -->\n<title>P\u00e1gina Web - \u00bfPorqu\u00e9 es Imprescindible para tu Negocio? - Micronics MX<\/title>\n<meta name=\"description\" content=\"\u00bfNo tiene P\u00e1gina Web? Si es as\u00ed, para muchas personas es casi como si su negocio no existiera. Conozca los beneficios de contar con un Sitio Web.\" \/>\n<meta name=\"robots\" content=\"index, follow, max-snippet:-1, max-image-preview:large, max-video-preview:-1\" \/>\n<link rel=\"canonical\" href=\"https:\/\/micronics.mx\/en\/web-page\/\" \/>\n<meta property=\"og:locale\" content=\"en_US\" \/>\n<meta property=\"og:type\" content=\"article\" \/>\n<meta property=\"og:title\" content=\"Abre tu Tienda en L\u00ednea\" \/>\n<meta property=\"og:description\" content=\"Creamos tu Tienda en L\u00ednea con el mejor sistema del mundo y a un precio increible. Pregunta por nuestros paquetes o pide una cotizaci\u00f3n personalizada. Escr\u00edbenos a ventas@micronics.mx\" \/>\n<meta property=\"og:url\" content=\"https:\/\/micronics.mx\/en\/web-page\/\" \/>\n<meta property=\"og:site_name\" content=\"Micronics MX\" \/>\n<meta property=\"article:publisher\" content=\"https:\/\/www.facebook.com\/MicronicsMX\" \/>\n<meta property=\"article:modified_time\" content=\"2021-10-07T19:36:26+00:00\" \/>\n<meta property=\"og:image\" content=\"https:\/\/micronics.mx\/wp-content\/uploads\/2018\/08\/Magento-eCommerce-Development-eBusiness-Guru-UK.jpg\" \/>\n\t<meta property=\"og:image:width\" content=\"640\" \/>\n\t<meta property=\"og:image:height\" content=\"427\" \/>\n\t<meta property=\"og:image:type\" content=\"image\/jpeg\" \/>\n<meta name=\"twitter:card\" content=\"summary_large_image\" \/>\n<meta name=\"twitter:site\" content=\"@MicronicsMX\" \/>\n<meta name=\"twitter:label1\" content=\"Est. reading time\" \/>\n\t<meta name=\"twitter:data1\" content=\"10 minutes\" \/>\n<script type=\"application\/ld+json\" class=\"yoast-schema-graph\">{\"@context\":\"https:\/\/schema.org\",\"@graph\":[{\"@type\":\"WebPage\",\"@id\":\"https:\/\/micronics.mx\/pagina-web\/\",\"url\":\"https:\/\/micronics.mx\/pagina-web\/\",\"name\":\"P\u00e1gina Web - \u00bfPorqu\u00e9 es Imprescindible para tu Negocio? - Micronics MX\",\"isPartOf\":{\"@id\":\"https:\/\/micronics.mx\/#website\"},\"primaryImageOfPage\":{\"@id\":\"https:\/\/micronics.mx\/pagina-web\/#primaryimage\"},\"image\":{\"@id\":\"https:\/\/micronics.mx\/pagina-web\/#primaryimage\"},\"thumbnailUrl\":\"https:\/\/micronics.mx\/wp-content\/uploads\/2018\/09\/wordpress.jpg\",\"datePublished\":\"2018-09-14T00:44:53+00:00\",\"dateModified\":\"2021-10-07T19:36:26+00:00\",\"description\":\"\u00bfNo tiene P\u00e1gina Web? Si es as\u00ed, para muchas personas es casi como si su negocio no existiera. Conozca los beneficios de contar con un Sitio Web.\",\"breadcrumb\":{\"@id\":\"https:\/\/micronics.mx\/pagina-web\/#breadcrumb\"},\"inLanguage\":\"en-US\",\"potentialAction\":[{\"@type\":\"ReadAction\",\"target\":[\"https:\/\/micronics.mx\/pagina-web\/\"]}]},{\"@type\":\"ImageObject\",\"inLanguage\":\"en-US\",\"@id\":\"https:\/\/micronics.mx\/pagina-web\/#primaryimage\",\"url\":\"https:\/\/micronics.mx\/wp-content\/uploads\/2018\/09\/wordpress.jpg\",\"contentUrl\":\"https:\/\/micronics.mx\/wp-content\/uploads\/2018\/09\/wordpress.jpg\",\"width\":692,\"height\":275,\"caption\":\"P\u00e1gina Web - WordPress\"},{\"@type\":\"BreadcrumbList\",\"@id\":\"https:\/\/micronics.mx\/pagina-web\/#breadcrumb\",\"itemListElement\":[{\"@type\":\"ListItem\",\"position\":1,\"name\":\"Portada\",\"item\":\"https:\/\/micronics.mx\/\"},{\"@type\":\"ListItem\",\"position\":2,\"name\":\"Websites\"}]},{\"@type\":\"WebSite\",\"@id\":\"https:\/\/micronics.mx\/#website\",\"url\":\"https:\/\/micronics.mx\/\",\"name\":\"Micronics MX\",\"description\":\"Software Solutions\",\"publisher\":{\"@id\":\"https:\/\/micronics.mx\/#organization\"},\"potentialAction\":[{\"@type\":\"SearchAction\",\"target\":{\"@type\":\"EntryPoint\",\"urlTemplate\":\"https:\/\/micronics.mx\/?s={search_term_string}\"},\"query-input\":{\"@type\":\"PropertyValueSpecification\",\"valueRequired\":true,\"valueName\":\"search_term_string\"}}],\"inLanguage\":\"en-US\"},{\"@type\":\"Organization\",\"@id\":\"https:\/\/micronics.mx\/#organization\",\"name\":\"Micronics MX\",\"url\":\"https:\/\/micronics.mx\/\",\"logo\":{\"@type\":\"ImageObject\",\"inLanguage\":\"en-US\",\"@id\":\"https:\/\/micronics.mx\/#\/schema\/logo\/image\/\",\"url\":\"https:\/\/micronics.mx\/wp-content\/uploads\/2018\/08\/logo.png\",\"contentUrl\":\"https:\/\/micronics.mx\/wp-content\/uploads\/2018\/08\/logo.png\",\"width\":450,\"height\":80,\"caption\":\"Micronics MX\"},\"image\":{\"@id\":\"https:\/\/micronics.mx\/#\/schema\/logo\/image\/\"},\"sameAs\":[\"https:\/\/www.facebook.com\/MicronicsMX\",\"https:\/\/x.com\/MicronicsMX\",\"https:\/\/www.instagram.com\/micronicsmx\/\",\"https:\/\/www.linkedin.com\/company\/micronicsmx\/\"]}]}<\/script>\n<!-- \/ Yoast SEO plugin. -->","yoast_head_json":{"title":"P\u00e1gina Web - \u00bfPorqu\u00e9 es Imprescindible para tu Negocio? - Micronics MX","description":"\u00bfNo tiene P\u00e1gina Web? Si es as\u00ed, para muchas personas es casi como si su negocio no existiera. Conozca los beneficios de contar con un Sitio Web.","robots":{"index":"index","follow":"follow","max-snippet":"max-snippet:-1","max-image-preview":"max-image-preview:large","max-video-preview":"max-video-preview:-1"},"canonical":"https:\/\/micronics.mx\/en\/web-page\/","og_locale":"en_US","og_type":"article","og_title":"Abre tu Tienda en L\u00ednea","og_description":"Creamos tu Tienda en L\u00ednea con el mejor sistema del mundo y a un precio increible. Pregunta por nuestros paquetes o pide una cotizaci\u00f3n personalizada. Escr\u00edbenos a ventas@micronics.mx","og_url":"https:\/\/micronics.mx\/en\/web-page\/","og_site_name":"Micronics MX","article_publisher":"https:\/\/www.facebook.com\/MicronicsMX","article_modified_time":"2021-10-07T19:36:26+00:00","og_image":[{"width":640,"height":427,"url":"https:\/\/micronics.mx\/wp-content\/uploads\/2018\/08\/Magento-eCommerce-Development-eBusiness-Guru-UK.jpg","type":"image\/jpeg"}],"twitter_card":"summary_large_image","twitter_site":"@MicronicsMX","twitter_misc":{"Est. reading time":"10 minutes"},"schema":{"@context":"https:\/\/schema.org","@graph":[{"@type":"WebPage","@id":"https:\/\/micronics.mx\/pagina-web\/","url":"https:\/\/micronics.mx\/pagina-web\/","name":"P\u00e1gina Web - \u00bfPorqu\u00e9 es Imprescindible para tu Negocio? - Micronics MX","isPartOf":{"@id":"https:\/\/micronics.mx\/#website"},"primaryImageOfPage":{"@id":"https:\/\/micronics.mx\/pagina-web\/#primaryimage"},"image":{"@id":"https:\/\/micronics.mx\/pagina-web\/#primaryimage"},"thumbnailUrl":"https:\/\/micronics.mx\/wp-content\/uploads\/2018\/09\/wordpress.jpg","datePublished":"2018-09-14T00:44:53+00:00","dateModified":"2021-10-07T19:36:26+00:00","description":"\u00bfNo tiene P\u00e1gina Web? Si es as\u00ed, para muchas personas es casi como si su negocio no existiera. Conozca los beneficios de contar con un Sitio Web.","breadcrumb":{"@id":"https:\/\/micronics.mx\/pagina-web\/#breadcrumb"},"inLanguage":"en-US","potentialAction":[{"@type":"ReadAction","target":["https:\/\/micronics.mx\/pagina-web\/"]}]},{"@type":"ImageObject","inLanguage":"en-US","@id":"https:\/\/micronics.mx\/pagina-web\/#primaryimage","url":"https:\/\/micronics.mx\/wp-content\/uploads\/2018\/09\/wordpress.jpg","contentUrl":"https:\/\/micronics.mx\/wp-content\/uploads\/2018\/09\/wordpress.jpg","width":692,"height":275,"caption":"P\u00e1gina Web - WordPress"},{"@type":"BreadcrumbList","@id":"https:\/\/micronics.mx\/pagina-web\/#breadcrumb","itemListElement":[{"@type":"ListItem","position":1,"name":"Portada","item":"https:\/\/micronics.mx\/"},{"@type":"ListItem","position":2,"name":"Websites"}]},{"@type":"WebSite","@id":"https:\/\/micronics.mx\/#website","url":"https:\/\/micronics.mx\/","name":"Micronics MX","description":"Software Solutions","publisher":{"@id":"https:\/\/micronics.mx\/#organization"},"potentialAction":[{"@type":"SearchAction","target":{"@type":"EntryPoint","urlTemplate":"https:\/\/micronics.mx\/?s={search_term_string}"},"query-input":{"@type":"PropertyValueSpecification","valueRequired":true,"valueName":"search_term_string"}}],"inLanguage":"en-US"},{"@type":"Organization","@id":"https:\/\/micronics.mx\/#organization","name":"Micronics MX","url":"https:\/\/micronics.mx\/","logo":{"@type":"ImageObject","inLanguage":"en-US","@id":"https:\/\/micronics.mx\/#\/schema\/logo\/image\/","url":"https:\/\/micronics.mx\/wp-content\/uploads\/2018\/08\/logo.png","contentUrl":"https:\/\/micronics.mx\/wp-content\/uploads\/2018\/08\/logo.png","width":450,"height":80,"caption":"Micronics MX"},"image":{"@id":"https:\/\/micronics.mx\/#\/schema\/logo\/image\/"},"sameAs":["https:\/\/www.facebook.com\/MicronicsMX","https:\/\/x.com\/MicronicsMX","https:\/\/www.instagram.com\/micronicsmx\/","https:\/\/www.linkedin.com\/company\/micronicsmx\/"]}]}},"_links":{"self":[{"href":"https:\/\/micronics.mx\/en\/wp-json\/wp\/v2\/pages\/3911","targetHints":{"allow":["GET"]}}],"collection":[{"href":"https:\/\/micronics.mx\/en\/wp-json\/wp\/v2\/pages"}],"about":[{"href":"https:\/\/micronics.mx\/en\/wp-json\/wp\/v2\/types\/page"}],"author":[{"embeddable":true,"href":"https:\/\/micronics.mx\/en\/wp-json\/wp\/v2\/users\/1"}],"replies":[{"embeddable":true,"href":"https:\/\/micronics.mx\/en\/wp-json\/wp\/v2\/comments?post=3911"}],"version-history":[{"count":0,"href":"https:\/\/micronics.mx\/en\/wp-json\/wp\/v2\/pages\/3911\/revisions"}],"wp:featuredmedia":[{"embeddable":true,"href":"https:\/\/micronics.mx\/en\/wp-json\/wp\/v2\/media\/3920"}],"wp:attachment":[{"href":"https:\/\/micronics.mx\/en\/wp-json\/wp\/v2\/media?parent=3911"}],"curies":[{"name":"wp","href":"https:\/\/api.w.org\/{rel}","templated":true}]}}