{"id":4042,"date":"2018-09-26T00:03:15","date_gmt":"2018-09-26T00:03:15","guid":{"rendered":"https:\/\/micronics.mx\/?page_id=4042"},"modified":"2021-10-07T14:35:08","modified_gmt":"2021-10-07T19:35:08","slug":"pc-gamer","status":"publish","type":"page","link":"https:\/\/micronics.mx\/en\/pc-gamer\/","title":{"rendered":"PC Gamers and Professionals"},"content":{"rendered":"<div data-vc-parallax=\"1\" data-vc-parallax-image=\"https:\/\/micronics.mx\/wp-content\/uploads\/2021\/10\/micr_pattern_c3_1920x500.webp\" class=\"vc_row wpb_row vc_row-fluid vc_row-has-fill vc_general vc_parallax vc_parallax-content-moving\"><div class=\"wpb_column vc_column_container vc_col-sm-4 vc_hidden-xs\"><div class=\"vc_column-inner\"><div class=\"wpb_wrapper\">\n\t<div  class=\"wpb_single_image wpb_content_element vc_align_right  vc_custom_1632879738985\">\n\t\t\n\t\t<figure class=\"wpb_wrapper vc_figure\">\n\t\t\t<div class=\"vc_single_image-wrapper   vc_box_border_grey\"><img loading=\"lazy\" decoding=\"async\" width=\"300\" height=\"53\" src=\"https:\/\/micronics.mx\/wp-content\/uploads\/2018\/08\/logo-300x53.png\" class=\"vc_single_image-img attachment-medium\" alt=\"Micronics MX Logo\" srcset=\"https:\/\/micronics.mx\/wp-content\/uploads\/2018\/08\/logo-300x53.png 300w, https:\/\/micronics.mx\/wp-content\/uploads\/2018\/08\/logo.png 450w\" sizes=\"auto, (max-width: 300px) 100vw, 300px\" \/><\/div>\n\t\t<\/figure>\n\t<\/div>\n<\/div><\/div><\/div><div class=\"wpb_column vc_column_container vc_col-sm-4 vc_hidden-xs\"><div class=\"vc_column-inner vc_custom_1630988044137\"><div class=\"wpb_wrapper\"><\/div><\/div><\/div><div class=\"wpb_column vc_column_container vc_col-sm-4 vc_hidden-lg vc_hidden-md vc_hidden-sm\"><div class=\"vc_column-inner vc_custom_1630988360104\"><div class=\"wpb_wrapper\"><\/div><\/div><\/div><\/div><div class=\"vc_row wpb_row vc_row-fluid vc_custom_1536095139534\"><div class=\"wrap-boxed\"><div class=\"wpb_column vc_column_container vc_col-sm-12\"><div class=\"vc_column-inner\"><div class=\"wpb_wrapper\"><div class=\"text-r\"><div class=\"btn un-btn-2\">\n            <a target=\"_self\" href=\"#contactanos\">Contact us<\/a><\/div><\/div>\n\t<div class=\"wpb_text_column wpb_content_element\" >\n\t\t<div class=\"wpb_wrapper\">\n\t\t\t<h2><img loading=\"lazy\" decoding=\"async\" class=\"alignright wp-image-4060\" src=\"https:\/\/micronics.mx\/wp-content\/uploads\/2018\/09\/pc_gamer.jpg\" alt=\"PC Gamer\" width=\"400\" height=\"544\" srcset=\"https:\/\/micronics.mx\/wp-content\/uploads\/2018\/09\/pc_gamer.jpg 588w, https:\/\/micronics.mx\/wp-content\/uploads\/2018\/09\/pc_gamer-221x300.jpg 221w, https:\/\/micronics.mx\/wp-content\/uploads\/2018\/09\/pc_gamer-500x680.jpg 500w\" sizes=\"auto, (max-width: 400px) 100vw, 400px\" \/>PC Gamers y\u00a0Profesionistas<\/h2>\n<p>Somos geeks y las computadoras son nuestros \u00abmuscle cars\u00bb (aunque tambi\u00e9n nos gustan los autos), sabemos que adem\u00e1s de los <strong>Gamers<\/strong>, muchos profesionistas requieren PCs con prestaciones fuera de lo com\u00fan, que bien no se encuentran de l\u00ednea en el mercado o que tienen precios exorbitantes. Por ejemplo los <strong>Arquitectos<\/strong> Y <strong>Dise\u00f1adores<\/strong> para los renders o los <strong>Animadores<\/strong> que trabajan con 3D, pero tambi\u00e9n <strong>Investigadores<\/strong> e <strong>Ingenieros<\/strong> que requieren hacer simulaciones pesadas o <strong>Empresas<\/strong> que requieren analizar grandes cantidades de datos.<\/p>\n<h5>Calidad, Precio y Garant\u00eda<\/h5>\n<p>Dise\u00f1amos equipos personalizados con componentes de alta calidad de las marcas m\u00e1s reconocidas, como Intel, AMD, ASUS, Gigabyte, NVIDIA, Corsair, Kingston, Cooler Master, Thermaltake.<\/p>\n<p>Nuestros precios son competitivos comparados con dise\u00f1ar y ensamblar la m\u00e1quina por t\u00ed mismo comprando los componentes en una tienda en l\u00ednea. Por lo tanto el dise\u00f1o y armado de tu PC personalizado es gratis, esto lo podemos lograr porque tenemos trato directo con los principales distribuidores de hardware en M\u00e9xico.<\/p>\n<p>Los componentes que utilizamos tienen la garant\u00eda de sus fabricantes que va desde 1 a 99 a\u00f1os dependiendo del tipo de componente, adem\u00e1s, durante un a\u00f1o, te ofrecemos una evaluaci\u00f3n gratuita de tu equipo en caso de que tuvieras alg\u00fan problema.<\/p>\n\n\t\t<\/div>\n\t<\/div>\n<\/div><\/div><\/div><\/div><\/div><div class=\"vc_row wpb_row vc_row-fluid vc_custom_1536095275236\"><div class=\"wrap-boxed\"><div class=\"wpb_column vc_column_container vc_col-sm-12\"><div class=\"vc_column-inner\"><div class=\"wpb_wrapper\">\n\t<div class=\"wpb_text_column wpb_content_element\" >\n\t\t<div class=\"wpb_wrapper\">\n\t\t\t<div class=\"span12\">\n<h2 class=\"top\">Dise\u00f1o Optimo<\/h2>\n<\/div>\n\n\t\t<\/div>\n\t<\/div>\n<\/div><\/div><\/div><div class=\"wpb_column vc_column_container vc_col-sm-6\"><div class=\"vc_column-inner\"><div class=\"wpb_wrapper\">\n\t<div class=\"wpb_text_column wpb_content_element\" >\n\t\t<div class=\"wpb_wrapper\">\n\t\t\t<div class=\"span12\">\n<p class=\"top\"><img loading=\"lazy\" decoding=\"async\" class=\"size-medium wp-image-4059 alignleft\" src=\"https:\/\/micronics.mx\/wp-content\/uploads\/2018\/09\/pc_design-300x300.jpg\" alt=\"Dise\u00f1o de PC\" width=\"300\" height=\"300\" srcset=\"https:\/\/micronics.mx\/wp-content\/uploads\/2018\/09\/pc_design-300x300.jpg 300w, https:\/\/micronics.mx\/wp-content\/uploads\/2018\/09\/pc_design-150x150.jpg 150w, https:\/\/micronics.mx\/wp-content\/uploads\/2018\/09\/pc_design-500x500.jpg 500w, https:\/\/micronics.mx\/wp-content\/uploads\/2018\/09\/pc_design.jpg 564w\" sizes=\"auto, (max-width: 300px) 100vw, 300px\" \/>Cada una de nuestras m\u00e1quinas se dise\u00f1a desde cero, seleccionamos los componentes para satisfacer tus requerimientos y prestamos atenci\u00f3n a todos los detalles: una <strong>Tarjeta Madre<\/strong> con versatilidad y posibilidades de expansi\u00f3n; un <strong>Procesador<\/strong> con la velocidad y n\u00facleos \u00f3ptimo para tu trabajo; una\u00a0<strong>Tarjeta Gr\u00e1fica<\/strong> que te permita renderizar en tiempo r\u00e9cord; <strong>Memoria<\/strong>\u00a0para quienes trabajan en todo a la vez; <strong>Almacenamiento SSD<\/strong> para ejecutar tus aplicaciones r\u00e1pidamente y <strong>HDD<\/strong> con la capacidad para todos tus archivos;\u00a0 una <strong>Pantalla<\/strong> full HD o 4K, o dos!; si eres Gamer un <strong>Enfriamiento<\/strong> polar; y <strong>Perif\u00e9ricos<\/strong>\u00a0profesionales de alta calidad.<\/p>\n<p>&nbsp;\n<\/p><\/div>\n<ul>\n<li style=\"display: table;\">\n<div class=\"row-fluid bullet-point\"><\/div>\n<\/li>\n<\/ul>\n\n\t\t<\/div>\n\t<\/div>\n<\/div><\/div><\/div><div class=\"wpb_column vc_column_container vc_col-sm-6\"><div class=\"vc_column-inner\"><div class=\"wpb_wrapper\">\n\t<div class=\"wpb_text_column wpb_content_element\" >\n\t\t<div class=\"wpb_wrapper\">\n\t\t\t<p><strong>Estilo<\/strong><br \/>\nTodas nuestras m\u00e1quinas son personalizadas, plat\u00edcanos cual es tu estilo y te proponemos un gabinete y perif\u00e9ricos que vayan contigo.<\/p>\n<p><strong>Presupuesto<\/strong><br \/>\nInd\u00edcanos un presupuesto, nos comprometemos a dise\u00f1ar la PC, con las prestaciones acordes a tus necesidades, m\u00e1s potente que se pueda construir.<\/p>\n<p><strong>Env\u00edos<\/strong><br \/>\nHacemos env\u00edos a cualquier parte de la Rep\u00fablica Mexicana y todos nuestros env\u00edos est\u00e1n asegurados.<\/p>\n<p><strong>Garant\u00eda<\/strong><br \/>\nTodos los componentes que utilizamos son nuevos y originales, todos cuentan con la garant\u00eda del fabricante, la cual va de 1 a 99 a\u00f1os dependiendo del componente.<\/p>\n<p><strong>Facturaci\u00f3n<\/strong><br \/>\nSomos una empresa constituida y facturamos todo lo que vendemos.<\/p>\n\n\t\t<\/div>\n\t<\/div>\n<\/div><\/div><\/div><\/div><\/div><div class=\"vc_row wpb_row vc_row-fluid vc_custom_1538157768399\"><div class=\"wrap-boxed\"><div class=\"wpb_column vc_column_container vc_col-sm-12\" id=\"contactanos\"><div class=\"vc_column-inner vc_custom_1593904634681\"><div class=\"wpb_wrapper\">\n\n        <div class=\"un-callout text-c\" style=\"\">\n\n            <div class=\"un-before-title\" style=\"\"><\/div><div class=\"un-title\" style=\"\">Dise\u00f1amos la PC Ideal para t\u00ed<\/div><div class=\"un-after-title\" style=\"\">Cu\u00e9ntanos sobre tu trabajo o requerimientos y te enviamos una propuesta<\/div>\n\n        <\/div><\/div><\/div><\/div><div class=\"wpb_column vc_column_container vc_col-sm-8\"><div class=\"vc_column-inner\"><div class=\"wpb_wrapper\">\n\t<div class=\"wpb_raw_code wpb_raw_js\" >\n\t\t<div class=\"wpb_wrapper\">\n\t\t\t<script type=\"text\/javascript\" src=\"\/\/m.micronics.mx\/form\/generate.js?id=2\"><\/script>\n\t\t<\/div>\n\t<\/div>\n<\/div><\/div><\/div><div class=\"wpb_column vc_column_container vc_col-sm-4\"><div class=\"vc_column-inner\"><div class=\"wpb_wrapper\">\n\n        <div class=\"un-service text-l\" style=\"\"><div class=\"un-icon un-icon-pos-l un-icon-s circle\" style=\" border-color: \"><i class=\"fa fa-map-marker\"><\/i><\/div>\n\n            <div class=\"un-service-text\"><div class=\"un-title un-title-s\" style=\"\">Mexico<\/div><div class=\"un-excerpt\" style=\"\">Monterrey, NL<\/div>\n\n            <\/div>\n\n        <\/div>\n\n        <div class=\"un-service text-l\" style=\"\"><div class=\"un-icon un-icon-pos-l un-icon-s circle\" style=\" border-color: \"><i class=\"fa fa-envelope-o\"><\/i><\/div>\n\n            <div class=\"un-service-text\"><div class=\"un-title un-title-s\" style=\"\">e-mail<\/div><div class=\"un-excerpt\" style=\"\">info@micronics.mx<\/div>\n\n            <\/div>\n\n        <\/div><\/div><\/div><\/div><\/div><\/div><div class=\"vc_row wpb_row vc_row-fluid vc_custom_1537411610723\"><div class=\"wpb_column vc_column_container vc_col-sm-12\"><div class=\"vc_column-inner\"><div class=\"wpb_wrapper\">\n\t<div class=\"wpb_text_column wpb_content_element\" >\n\t\t<div class=\"wpb_wrapper\">\n\t\t\t<h3 style=\"text-align: center;\"><a href=\"https:\/\/micronics.mx\/en\/software\/\">Conoce las Soluciones de Software que ofrecemos<\/a><\/h3>\n\n\t\t<\/div>\n\t<\/div>\n<\/div><\/div><\/div><\/div>","protected":false},"excerpt":{"rendered":"<p>Requieres una PC de Alto Rendimiento. Dise\u00f1amos y ensamblamos tu computadora de escritorio ideal, personalizada y ajustada a tu presupuesto.<\/p>","protected":false},"author":1,"featured_media":4077,"parent":0,"menu_order":0,"comment_status":"closed","ping_status":"closed","template":"page-vc.php","meta":{"footnotes":""},"class_list":["post-4042","page","type-page","status-publish","has-post-thumbnail","hentry"],"yoast_head":"<!-- This site is optimized with the Yoast SEO plugin v23.8 - https:\/\/yoast.com\/wordpress\/plugins\/seo\/ -->\n<title>PC Gamer | Arquitecto | Dise\u00f1ador | Alto Desempe\u00f1o - Micronics MX<\/title>\n<meta name=\"description\" content=\"PC Gamer y Alto Desempe\u00f1o. Dise\u00f1amos y ensamblamos computadoras pensadas para profesionistas y empresas que requieren prestaciones excepcionales.\" \/>\n<meta name=\"robots\" content=\"index, follow, max-snippet:-1, max-image-preview:large, max-video-preview:-1\" \/>\n<link rel=\"canonical\" href=\"https:\/\/micronics.mx\/en\/pc-gamer\/\" \/>\n<meta property=\"og:locale\" content=\"en_US\" \/>\n<meta property=\"og:type\" content=\"article\" \/>\n<meta property=\"og:title\" content=\"Abre tu Tienda en L\u00ednea\" \/>\n<meta property=\"og:description\" content=\"Creamos tu Tienda en L\u00ednea con el mejor sistema del mundo y a un precio increible. Pregunta por nuestros paquetes o pide una cotizaci\u00f3n personalizada. Escr\u00edbenos a ventas@micronics.mx\" \/>\n<meta property=\"og:url\" content=\"https:\/\/micronics.mx\/en\/pc-gamer\/\" \/>\n<meta property=\"og:site_name\" content=\"Micronics MX\" \/>\n<meta property=\"article:publisher\" content=\"https:\/\/www.facebook.com\/MicronicsMX\" \/>\n<meta property=\"article:modified_time\" content=\"2021-10-07T19:35:08+00:00\" \/>\n<meta property=\"og:image\" content=\"https:\/\/micronics.mx\/wp-content\/uploads\/2018\/08\/Magento-eCommerce-Development-eBusiness-Guru-UK.jpg\" \/>\n\t<meta property=\"og:image:width\" content=\"640\" \/>\n\t<meta property=\"og:image:height\" content=\"427\" \/>\n\t<meta property=\"og:image:type\" content=\"image\/jpeg\" \/>\n<meta name=\"twitter:card\" content=\"summary_large_image\" \/>\n<meta name=\"twitter:site\" content=\"@MicronicsMX\" \/>\n<meta name=\"twitter:label1\" content=\"Est. reading time\" \/>\n\t<meta name=\"twitter:data1\" content=\"4 minutes\" \/>\n<script type=\"application\/ld+json\" class=\"yoast-schema-graph\">{\"@context\":\"https:\/\/schema.org\",\"@graph\":[{\"@type\":\"WebPage\",\"@id\":\"https:\/\/micronics.mx\/pc-gamer\/\",\"url\":\"https:\/\/micronics.mx\/pc-gamer\/\",\"name\":\"PC Gamer | Arquitecto | Dise\u00f1ador | Alto Desempe\u00f1o - Micronics MX\",\"isPartOf\":{\"@id\":\"https:\/\/micronics.mx\/#website\"},\"primaryImageOfPage\":{\"@id\":\"https:\/\/micronics.mx\/pc-gamer\/#primaryimage\"},\"image\":{\"@id\":\"https:\/\/micronics.mx\/pc-gamer\/#primaryimage\"},\"thumbnailUrl\":\"https:\/\/micronics.mx\/wp-content\/uploads\/2018\/09\/pc_gamer.png\",\"datePublished\":\"2018-09-26T00:03:15+00:00\",\"dateModified\":\"2021-10-07T19:35:08+00:00\",\"description\":\"PC Gamer y Alto Desempe\u00f1o. Dise\u00f1amos y ensamblamos computadoras pensadas para profesionistas y empresas que requieren prestaciones excepcionales.\",\"breadcrumb\":{\"@id\":\"https:\/\/micronics.mx\/pc-gamer\/#breadcrumb\"},\"inLanguage\":\"en-US\",\"potentialAction\":[{\"@type\":\"ReadAction\",\"target\":[\"https:\/\/micronics.mx\/pc-gamer\/\"]}]},{\"@type\":\"ImageObject\",\"inLanguage\":\"en-US\",\"@id\":\"https:\/\/micronics.mx\/pc-gamer\/#primaryimage\",\"url\":\"https:\/\/micronics.mx\/wp-content\/uploads\/2018\/09\/pc_gamer.png\",\"contentUrl\":\"https:\/\/micronics.mx\/wp-content\/uploads\/2018\/09\/pc_gamer.png\",\"width\":515,\"height\":515,\"caption\":\"PC Gamer\"},{\"@type\":\"BreadcrumbList\",\"@id\":\"https:\/\/micronics.mx\/pc-gamer\/#breadcrumb\",\"itemListElement\":[{\"@type\":\"ListItem\",\"position\":1,\"name\":\"Portada\",\"item\":\"https:\/\/micronics.mx\/\"},{\"@type\":\"ListItem\",\"position\":2,\"name\":\"PC Gamers y Profesionistas\"}]},{\"@type\":\"WebSite\",\"@id\":\"https:\/\/micronics.mx\/#website\",\"url\":\"https:\/\/micronics.mx\/\",\"name\":\"Micronics MX\",\"description\":\"Software Solutions\",\"publisher\":{\"@id\":\"https:\/\/micronics.mx\/#organization\"},\"potentialAction\":[{\"@type\":\"SearchAction\",\"target\":{\"@type\":\"EntryPoint\",\"urlTemplate\":\"https:\/\/micronics.mx\/?s={search_term_string}\"},\"query-input\":{\"@type\":\"PropertyValueSpecification\",\"valueRequired\":true,\"valueName\":\"search_term_string\"}}],\"inLanguage\":\"en-US\"},{\"@type\":\"Organization\",\"@id\":\"https:\/\/micronics.mx\/#organization\",\"name\":\"Micronics MX\",\"url\":\"https:\/\/micronics.mx\/\",\"logo\":{\"@type\":\"ImageObject\",\"inLanguage\":\"en-US\",\"@id\":\"https:\/\/micronics.mx\/#\/schema\/logo\/image\/\",\"url\":\"https:\/\/micronics.mx\/wp-content\/uploads\/2018\/08\/logo.png\",\"contentUrl\":\"https:\/\/micronics.mx\/wp-content\/uploads\/2018\/08\/logo.png\",\"width\":450,\"height\":80,\"caption\":\"Micronics MX\"},\"image\":{\"@id\":\"https:\/\/micronics.mx\/#\/schema\/logo\/image\/\"},\"sameAs\":[\"https:\/\/www.facebook.com\/MicronicsMX\",\"https:\/\/x.com\/MicronicsMX\",\"https:\/\/www.instagram.com\/micronicsmx\/\",\"https:\/\/www.linkedin.com\/company\/micronicsmx\/\"]}]}<\/script>\n<!-- \/ Yoast SEO plugin. -->","yoast_head_json":{"title":"PC Gamer | Arquitecto | Dise\u00f1ador | Alto Desempe\u00f1o - Micronics MX","description":"PC Gamer y Alto Desempe\u00f1o. Dise\u00f1amos y ensamblamos computadoras pensadas para profesionistas y empresas que requieren prestaciones excepcionales.","robots":{"index":"index","follow":"follow","max-snippet":"max-snippet:-1","max-image-preview":"max-image-preview:large","max-video-preview":"max-video-preview:-1"},"canonical":"https:\/\/micronics.mx\/en\/pc-gamer\/","og_locale":"en_US","og_type":"article","og_title":"Abre tu Tienda en L\u00ednea","og_description":"Creamos tu Tienda en L\u00ednea con el mejor sistema del mundo y a un precio increible. Pregunta por nuestros paquetes o pide una cotizaci\u00f3n personalizada. Escr\u00edbenos a ventas@micronics.mx","og_url":"https:\/\/micronics.mx\/en\/pc-gamer\/","og_site_name":"Micronics MX","article_publisher":"https:\/\/www.facebook.com\/MicronicsMX","article_modified_time":"2021-10-07T19:35:08+00:00","og_image":[{"width":640,"height":427,"url":"https:\/\/micronics.mx\/wp-content\/uploads\/2018\/08\/Magento-eCommerce-Development-eBusiness-Guru-UK.jpg","type":"image\/jpeg"}],"twitter_card":"summary_large_image","twitter_site":"@MicronicsMX","twitter_misc":{"Est. reading time":"4 minutes"},"schema":{"@context":"https:\/\/schema.org","@graph":[{"@type":"WebPage","@id":"https:\/\/micronics.mx\/pc-gamer\/","url":"https:\/\/micronics.mx\/pc-gamer\/","name":"PC Gamer | Arquitecto | Dise\u00f1ador | Alto Desempe\u00f1o - Micronics MX","isPartOf":{"@id":"https:\/\/micronics.mx\/#website"},"primaryImageOfPage":{"@id":"https:\/\/micronics.mx\/pc-gamer\/#primaryimage"},"image":{"@id":"https:\/\/micronics.mx\/pc-gamer\/#primaryimage"},"thumbnailUrl":"https:\/\/micronics.mx\/wp-content\/uploads\/2018\/09\/pc_gamer.png","datePublished":"2018-09-26T00:03:15+00:00","dateModified":"2021-10-07T19:35:08+00:00","description":"PC Gamer y Alto Desempe\u00f1o. Dise\u00f1amos y ensamblamos computadoras pensadas para profesionistas y empresas que requieren prestaciones excepcionales.","breadcrumb":{"@id":"https:\/\/micronics.mx\/pc-gamer\/#breadcrumb"},"inLanguage":"en-US","potentialAction":[{"@type":"ReadAction","target":["https:\/\/micronics.mx\/pc-gamer\/"]}]},{"@type":"ImageObject","inLanguage":"en-US","@id":"https:\/\/micronics.mx\/pc-gamer\/#primaryimage","url":"https:\/\/micronics.mx\/wp-content\/uploads\/2018\/09\/pc_gamer.png","contentUrl":"https:\/\/micronics.mx\/wp-content\/uploads\/2018\/09\/pc_gamer.png","width":515,"height":515,"caption":"PC Gamer"},{"@type":"BreadcrumbList","@id":"https:\/\/micronics.mx\/pc-gamer\/#breadcrumb","itemListElement":[{"@type":"ListItem","position":1,"name":"Portada","item":"https:\/\/micronics.mx\/"},{"@type":"ListItem","position":2,"name":"PC Gamers y Profesionistas"}]},{"@type":"WebSite","@id":"https:\/\/micronics.mx\/#website","url":"https:\/\/micronics.mx\/","name":"Micronics MX","description":"Software Solutions","publisher":{"@id":"https:\/\/micronics.mx\/#organization"},"potentialAction":[{"@type":"SearchAction","target":{"@type":"EntryPoint","urlTemplate":"https:\/\/micronics.mx\/?s={search_term_string}"},"query-input":{"@type":"PropertyValueSpecification","valueRequired":true,"valueName":"search_term_string"}}],"inLanguage":"en-US"},{"@type":"Organization","@id":"https:\/\/micronics.mx\/#organization","name":"Micronics MX","url":"https:\/\/micronics.mx\/","logo":{"@type":"ImageObject","inLanguage":"en-US","@id":"https:\/\/micronics.mx\/#\/schema\/logo\/image\/","url":"https:\/\/micronics.mx\/wp-content\/uploads\/2018\/08\/logo.png","contentUrl":"https:\/\/micronics.mx\/wp-content\/uploads\/2018\/08\/logo.png","width":450,"height":80,"caption":"Micronics MX"},"image":{"@id":"https:\/\/micronics.mx\/#\/schema\/logo\/image\/"},"sameAs":["https:\/\/www.facebook.com\/MicronicsMX","https:\/\/x.com\/MicronicsMX","https:\/\/www.instagram.com\/micronicsmx\/","https:\/\/www.linkedin.com\/company\/micronicsmx\/"]}]}},"_links":{"self":[{"href":"https:\/\/micronics.mx\/en\/wp-json\/wp\/v2\/pages\/4042","targetHints":{"allow":["GET"]}}],"collection":[{"href":"https:\/\/micronics.mx\/en\/wp-json\/wp\/v2\/pages"}],"about":[{"href":"https:\/\/micronics.mx\/en\/wp-json\/wp\/v2\/types\/page"}],"author":[{"embeddable":true,"href":"https:\/\/micronics.mx\/en\/wp-json\/wp\/v2\/users\/1"}],"replies":[{"embeddable":true,"href":"https:\/\/micronics.mx\/en\/wp-json\/wp\/v2\/comments?post=4042"}],"version-history":[{"count":0,"href":"https:\/\/micronics.mx\/en\/wp-json\/wp\/v2\/pages\/4042\/revisions"}],"wp:featuredmedia":[{"embeddable":true,"href":"https:\/\/micronics.mx\/en\/wp-json\/wp\/v2\/media\/4077"}],"wp:attachment":[{"href":"https:\/\/micronics.mx\/en\/wp-json\/wp\/v2\/media?parent=4042"}],"curies":[{"name":"wp","href":"https:\/\/api.w.org\/{rel}","templated":true}]}}